{"id":4035,"date":"2019-08-02T16:10:06","date_gmt":"2019-08-02T16:10:06","guid":{"rendered":"https:\/\/www.carecornerorphanage.com\/real-life-stories\/amima\/"},"modified":"2019-09-10T03:43:10","modified_gmt":"2019-09-10T03:43:10","slug":"amima","status":"publish","type":"page","link":"https:\/\/www.carecornerorphanage.com\/de\/schicksale\/amima\/","title":{"rendered":"Amima&#8217;s Geschichte"},"content":{"rendered":"<div id='welcome'  class='av-layout-grid-container av-7vao79-b46d9f3a4d4cb36deb56e16f3452af3f entry-content-wrapper main_color av-fixed-cells  avia-builder-el-0  el_before_av_one_third  avia-builder-el-first  line-header  container_wrap sidebar_right'  >\n\n<style type=\"text\/css\" data-created_by=\"avia_inline_auto\" id=\"style-css-av-7qqg5x-527bc5e44229f41c0dad4dd4fb1724de\">\n.flex_cell.av-7qqg5x-527bc5e44229f41c0dad4dd4fb1724de{\nvertical-align:top;\nheight:15px;\nmin-height:15px;\nbackground-color:#bf292b;\n}\n.responsive #top #wrap_all .flex_cell.av-7qqg5x-527bc5e44229f41c0dad4dd4fb1724de{\npadding:0px 0px 0px 0px !important;\n}\n<\/style>\n<div class='flex_cell av-7qqg5x-527bc5e44229f41c0dad4dd4fb1724de av-gridrow-cell av_one_fourth no_margin  avia-builder-el-1  el_before_av_cell_one_fourth  avia-builder-el-first  content-align-top av-zero-padding'  ><div class='flex_cell_inner'><\/div><\/div>\n<style type=\"text\/css\" data-created_by=\"avia_inline_auto\" id=\"style-css-av-7le8et-806fd6de9af77d9cbfde13316ef8516d\">\n.flex_cell.av-7le8et-806fd6de9af77d9cbfde13316ef8516d{\nvertical-align:top;\nheight:15px;\nmin-height:15px;\nbackground-color:#f5d012;\n}\n.responsive #top #wrap_all .flex_cell.av-7le8et-806fd6de9af77d9cbfde13316ef8516d{\npadding:0px 0px 0px 0px !important;\n}\n<\/style>\n<div class='flex_cell av-7le8et-806fd6de9af77d9cbfde13316ef8516d av-gridrow-cell av_one_fourth no_margin  avia-builder-el-2  el_after_av_cell_one_fourth  el_before_av_cell_one_fourth  content-align-top av-zero-padding'  ><div class='flex_cell_inner'><\/div><\/div>\n<style type=\"text\/css\" data-created_by=\"avia_inline_auto\" id=\"style-css-av-7b29z9-aba9350cae89cd4882e010f7e35c1f45\">\n.flex_cell.av-7b29z9-aba9350cae89cd4882e010f7e35c1f45{\nvertical-align:top;\nheight:15px;\nmin-height:15px;\nbackground-color:#779d3f;\n}\n.responsive #top #wrap_all .flex_cell.av-7b29z9-aba9350cae89cd4882e010f7e35c1f45{\npadding:0px 0px 0px 0px !important;\n}\n<\/style>\n<div class='flex_cell av-7b29z9-aba9350cae89cd4882e010f7e35c1f45 av-gridrow-cell av_one_fourth no_margin  avia-builder-el-3  el_after_av_cell_one_fourth  el_before_av_cell_one_fourth  content-align-top av-zero-padding'  ><div class='flex_cell_inner'><\/div><\/div>\n<style type=\"text\/css\" data-created_by=\"avia_inline_auto\" id=\"style-css-av-7683x1-d743b110021f7e2e9c486dd9f4a1a991\">\n.flex_cell.av-7683x1-d743b110021f7e2e9c486dd9f4a1a991{\nvertical-align:top;\nheight:15px;\nmin-height:15px;\nbackground-color:#73aede;\n}\n.responsive #top #wrap_all .flex_cell.av-7683x1-d743b110021f7e2e9c486dd9f4a1a991{\npadding:0px 0px 0px 0px !important;\n}\n<\/style>\n<div class='flex_cell av-7683x1-d743b110021f7e2e9c486dd9f4a1a991 av-gridrow-cell av_one_fourth no_margin  avia-builder-el-4  el_after_av_cell_one_fourth  avia-builder-el-last  content-align-top av-zero-padding'  ><div class='flex_cell_inner'><\/div><\/div>\n<\/div><div id='after_grid_row_1'  class='main_color av_default_container_wrap container_wrap sidebar_right'  ><div class='container av-section-cont-open' ><div class='template-page content  av-content-small alpha units'><div class='post-entry post-entry-type-page post-entry-4035'><div class='entry-content-wrapper clearfix'>\n\n<style type=\"text\/css\" data-created_by=\"avia_inline_auto\" id=\"style-css-av-e8v8t8-d20668fcec9d13659ac3a407e8583cc1\">\n.flex_column.av-e8v8t8-d20668fcec9d13659ac3a407e8583cc1{\nborder-radius:0px 0px 0px 0px;\npadding:80px 0px 0px 0px;\n}\n<\/style>\n<div  class='flex_column av-e8v8t8-d20668fcec9d13659ac3a407e8583cc1 av_one_third  avia-builder-el-5  el_after_av_layout_row  el_before_av_two_third  avia-builder-el-first  first flex_column_div  '     ><style type=\"text\/css\" data-created_by=\"avia_inline_auto\" id=\"style-css-av-jylja9id-fd52a2464713d0a07cc02f0c4566f545\">\n#top .avia-gallery.av-jylja9id-fd52a2464713d0a07cc02f0c4566f545 .avia-gallery-thumb a{\nwidth:100%;\n}\n<\/style>\n<div  class='avia-gallery av-jylja9id-fd52a2464713d0a07cc02f0c4566f545 avia_animate_when_visible  avia-builder-el-6  avia-builder-el-no-sibling  avia_lazyload avia-gallery-animate avia-gallery-1'  itemprop=\"image\" itemscope=\"itemscope\" itemtype=\"https:\/\/schema.org\/ImageObject\" ><meta itemprop=\"contentURL\" content=\"https:\/\/www.carecornerorphanage.com\/de\/schicksale\/amima\/\"><div class='avia-gallery-thumb'><a href=\"https:\/\/www.carecornerorphanage.com\/wp-content\/uploads\/2019\/07\/Amima.jpg\" data-srcset=\"https:\/\/www.carecornerorphanage.com\/wp-content\/uploads\/2019\/07\/Amima.jpg 217w, https:\/\/www.carecornerorphanage.com\/wp-content\/uploads\/2019\/07\/Amima-36x36.jpg 36w\" data-sizes=\"(max-width: 217px) 100vw, 217px\" data-rel='gallery-1' data-prev-img='https:\/\/www.carecornerorphanage.com\/wp-content\/uploads\/2019\/07\/Amima.jpg' class='first_thumb lightbox ' data-onclick='1' title='Amima'  itemprop=\"thumbnailUrl\"  ><img decoding=\"async\" fetchpriority=\"high\" class=\"wp-image-1696 avia-img-lazy-loading-not-1696\"   src=\"https:\/\/www.carecornerorphanage.com\/wp-content\/uploads\/2019\/07\/Amima.jpg\" width=\"217\" height=\"211\"  title='Amima' alt='' srcset=\"https:\/\/www.carecornerorphanage.com\/wp-content\/uploads\/2019\/07\/Amima.jpg 217w, https:\/\/www.carecornerorphanage.com\/wp-content\/uploads\/2019\/07\/Amima-36x36.jpg 36w\" sizes=\"(max-width: 217px) 100vw, 217px\" \/><div class='big-prev-fake'><img decoding=\"async\" loading=\"lazy\" class=\"wp-image-1696 avia-img-lazy-loading-1696\"  width=\"217\" height=\"211\" src=\"https:\/\/www.carecornerorphanage.com\/wp-content\/uploads\/2019\/07\/Amima.jpg\" title='Amima' alt='' srcset=\"https:\/\/www.carecornerorphanage.com\/wp-content\/uploads\/2019\/07\/Amima.jpg 217w, https:\/\/www.carecornerorphanage.com\/wp-content\/uploads\/2019\/07\/Amima-36x36.jpg 36w\" sizes=\"auto, (max-width: 217px) 100vw, 217px\" \/><\/div><\/a><\/div><\/div><\/div>\n\n<style type=\"text\/css\" data-created_by=\"avia_inline_auto\" id=\"style-css-av-d6faa4-f4de3bb016b7cf07e7de91f0234ca272\">\n.flex_column.av-d6faa4-f4de3bb016b7cf07e7de91f0234ca272{\nborder-radius:0px 0px 0px 0px;\npadding:0px 0px 0px 0px;\n}\n<\/style>\n<div  class='flex_column av-d6faa4-f4de3bb016b7cf07e7de91f0234ca272 av_two_third  avia-builder-el-7  el_after_av_one_third  el_before_av_layout_row  avia-builder-el-last  flex_column_div av-zero-column-padding  '     ><p>\n<style type=\"text\/css\" data-created_by=\"avia_inline_auto\" id=\"style-css-av-k0dai2md-09a34513c1f4fb2d6011b134e0fea125\">\n#top .av-special-heading.av-k0dai2md-09a34513c1f4fb2d6011b134e0fea125{\npadding-bottom:10px;\nfont-size:40px;\n}\nbody .av-special-heading.av-k0dai2md-09a34513c1f4fb2d6011b134e0fea125 .av-special-heading-tag .heading-char{\nfont-size:25px;\n}\n#top #wrap_all .av-special-heading.av-k0dai2md-09a34513c1f4fb2d6011b134e0fea125 .av-special-heading-tag{\nfont-size:40px;\n}\n.av-special-heading.av-k0dai2md-09a34513c1f4fb2d6011b134e0fea125 .av-subheading{\nfont-size:15px;\n}\n\n@media only screen and (min-width: 480px) and (max-width: 767px){ \n#top #wrap_all .av-special-heading.av-k0dai2md-09a34513c1f4fb2d6011b134e0fea125 .av-special-heading-tag{\nfont-size:0.8em;\n}\n}\n\n@media only screen and (max-width: 479px){ \n#top #wrap_all .av-special-heading.av-k0dai2md-09a34513c1f4fb2d6011b134e0fea125 .av-special-heading-tag{\nfont-size:0.8em;\n}\n}\n<\/style>\n<div  class='av-special-heading av-k0dai2md-09a34513c1f4fb2d6011b134e0fea125 av-special-heading-h1 blockquote modern-quote  avia-builder-el-8  el_before_av_textblock  avia-builder-el-first  av-inherit-size'><h1 class='av-special-heading-tag '  itemprop=\"headline\"  ><b>Amima\u2019s Geschichte<\/b><\/h1><div class=\"special-heading-border\"><div class=\"special-heading-inner-border\"><\/div><\/div><\/div><br \/>\n\n<style type=\"text\/css\" data-created_by=\"avia_inline_auto\" id=\"style-css-av-6hv2m5-2a3cf7626a6ca2ae607d5de1507807a8\">\n#top .av_textblock_section.av-6hv2m5-2a3cf7626a6ca2ae607d5de1507807a8 .avia_textblock{\nfont-size:16px;\n}\n<\/style>\n<section  class='av_textblock_section av-6hv2m5-2a3cf7626a6ca2ae607d5de1507807a8 '   itemscope=\"itemscope\" itemtype=\"https:\/\/schema.org\/CreativeWork\" ><div class='avia_textblock'  itemprop=\"text\" ><p>Hallo! Ich hei\u00dfe Amima Laumee. Ich bin 15 Jahre alt und komme aus dem Stamm der Lisu. Ich lebte in einem sehr armen Dorf, in dem es ein seltenes Privileg war, t\u00e4glich drei Mahlzeiten zu essen. Alle im Dorf wollten einen Ausweg aus unserer Armut, und dazu geh\u00f6rten auch einige meiner Freunde. Vor vier Jahren, kurz bevor ich ins Waisenhaus Care Corner kam, luden mich zwei meiner Freunde im Dorf ein, in die Stadt zu fliehen und dort nach Jobs zu suchen. Ich versuchte sie zu \u00fcberreden, nicht zu gehen. Doch meine Freunde waren entschlossen und wollten nicht zuh\u00f6ren. Sie gingen. Zwei Jahre vergingen und ich hatte keine Ahnung, wo und was mit meinen beiden Freunden passiert ist. Als ich zum letzten Mal in mein Dorf zur\u00fcckkam, um es zu besuchen, traf ich sie. Die M\u00e4dchen kehrten mit leeren H\u00e4nden und mit dem AIDS-Virus heim. Sie waren gezwungen, ihren Lebensunterhalt zu verdienen, und hatten als Prostituierte gearbeitet. Einige der Jungen im Dorf, die mit diesen M\u00e4dchen geschlafen haben, waren ebenfalls mit HIV infiziert. Ich schaue verwundert zur\u00fcck. Ohne die Gnade und Barmherzigkeit Gottes h\u00e4tte ich eines der M\u00e4dchen sein k\u00f6nnen, die in die Stadt gingen, um als Kinderprostituierte zu arbeiten.<\/p>\n<p>(Amima m\u00f6chte dem Herrn im Care Corner Waisenhaus dienen, sobald sie ihre Ausbildung abgeschlossen hat.)<\/p>\n<\/div><\/section><\/p><\/div><\/div><\/div><\/div><!-- close content main div --><\/div><\/div><div id='welcome'  class='av-layout-grid-container av-7vao79-7a188a59cfa2612a1bee9b3732475039 entry-content-wrapper main_color av-fixed-cells  avia-builder-el-10  el_after_av_two_third  avia-builder-el-last  grid-row-not-first  container_wrap sidebar_right'  >\n\n<style type=\"text\/css\" data-created_by=\"avia_inline_auto\" id=\"style-css-av-7qqg5x-527bc5e44229f41c0dad4dd4fb1724de\">\n.flex_cell.av-7qqg5x-527bc5e44229f41c0dad4dd4fb1724de{\nvertical-align:top;\nheight:15px;\nmin-height:15px;\nbackground-color:#bf292b;\n}\n.responsive #top #wrap_all .flex_cell.av-7qqg5x-527bc5e44229f41c0dad4dd4fb1724de{\npadding:0px 0px 0px 0px !important;\n}\n<\/style>\n<div class='flex_cell av-7qqg5x-527bc5e44229f41c0dad4dd4fb1724de av-gridrow-cell av_one_fourth no_margin  avia-builder-el-11  el_before_av_cell_one_fourth  avia-builder-el-first  content-align-top av-zero-padding'  ><div class='flex_cell_inner'><\/div><\/div>\n<style type=\"text\/css\" data-created_by=\"avia_inline_auto\" id=\"style-css-av-7le8et-806fd6de9af77d9cbfde13316ef8516d\">\n.flex_cell.av-7le8et-806fd6de9af77d9cbfde13316ef8516d{\nvertical-align:top;\nheight:15px;\nmin-height:15px;\nbackground-color:#f5d012;\n}\n.responsive #top #wrap_all .flex_cell.av-7le8et-806fd6de9af77d9cbfde13316ef8516d{\npadding:0px 0px 0px 0px !important;\n}\n<\/style>\n<div class='flex_cell av-7le8et-806fd6de9af77d9cbfde13316ef8516d av-gridrow-cell av_one_fourth no_margin  avia-builder-el-12  el_after_av_cell_one_fourth  el_before_av_cell_one_fourth  content-align-top av-zero-padding'  ><div class='flex_cell_inner'><\/div><\/div>\n<style type=\"text\/css\" data-created_by=\"avia_inline_auto\" id=\"style-css-av-7b29z9-aba9350cae89cd4882e010f7e35c1f45\">\n.flex_cell.av-7b29z9-aba9350cae89cd4882e010f7e35c1f45{\nvertical-align:top;\nheight:15px;\nmin-height:15px;\nbackground-color:#779d3f;\n}\n.responsive #top #wrap_all .flex_cell.av-7b29z9-aba9350cae89cd4882e010f7e35c1f45{\npadding:0px 0px 0px 0px !important;\n}\n<\/style>\n<div class='flex_cell av-7b29z9-aba9350cae89cd4882e010f7e35c1f45 av-gridrow-cell av_one_fourth no_margin  avia-builder-el-13  el_after_av_cell_one_fourth  el_before_av_cell_one_fourth  content-align-top av-zero-padding'  ><div class='flex_cell_inner'><\/div><\/div>\n<style type=\"text\/css\" data-created_by=\"avia_inline_auto\" id=\"style-css-av-7683x1-d743b110021f7e2e9c486dd9f4a1a991\">\n.flex_cell.av-7683x1-d743b110021f7e2e9c486dd9f4a1a991{\nvertical-align:top;\nheight:15px;\nmin-height:15px;\nbackground-color:#73aede;\n}\n.responsive #top #wrap_all .flex_cell.av-7683x1-d743b110021f7e2e9c486dd9f4a1a991{\npadding:0px 0px 0px 0px !important;\n}\n<\/style>\n<div class='flex_cell av-7683x1-d743b110021f7e2e9c486dd9f4a1a991 av-gridrow-cell av_one_fourth no_margin  avia-builder-el-14  el_after_av_cell_one_fourth  avia-builder-el-last  content-align-top av-zero-padding'  ><div class='flex_cell_inner'><\/div><\/div>\n<\/div><\/p>\n","protected":false},"excerpt":{"rendered":"","protected":false},"author":1,"featured_media":0,"parent":3223,"menu_order":0,"comment_status":"closed","ping_status":"closed","template":"","meta":{"footnotes":""},"class_list":["post-4035","page","type-page","status-publish","hentry"],"yoast_head":"<!-- This site is optimized with the Yoast SEO plugin v27.4 - https:\/\/yoast.com\/product\/yoast-seo-wordpress\/ -->\n<title>Amima&#039;s Geschichte - Care Corner Orphanage Foundation<\/title>\n<meta name=\"robots\" content=\"index, follow, max-snippet:-1, max-image-preview:large, max-video-preview:-1\" \/>\n<link rel=\"canonical\" href=\"https:\/\/www.carecornerorphanage.com\/de\/schicksale\/amima\/\" \/>\n<meta property=\"og:locale\" content=\"de_DE\" \/>\n<meta property=\"og:type\" content=\"article\" \/>\n<meta property=\"og:title\" content=\"Amima&#039;s Geschichte - Care Corner Orphanage Foundation\" \/>\n<meta property=\"og:url\" content=\"https:\/\/www.carecornerorphanage.com\/de\/schicksale\/amima\/\" \/>\n<meta property=\"og:site_name\" content=\"Care Corner Orphanage Foundation\" \/>\n<meta property=\"article:modified_time\" content=\"2019-09-10T03:43:10+00:00\" \/>\n<meta name=\"twitter:card\" content=\"summary_large_image\" \/>\n<meta name=\"twitter:label1\" content=\"Gesch\u00e4tzte Lesezeit\" \/>\n\t<meta name=\"twitter:data1\" content=\"6\u00a0Minuten\" \/>\n<script type=\"application\/ld+json\" class=\"yoast-schema-graph\">{\"@context\":\"https:\\\/\\\/schema.org\",\"@graph\":[{\"@type\":\"WebPage\",\"@id\":\"https:\\\/\\\/www.carecornerorphanage.com\\\/de\\\/schicksale\\\/amima\\\/\",\"url\":\"https:\\\/\\\/www.carecornerorphanage.com\\\/de\\\/schicksale\\\/amima\\\/\",\"name\":\"Amima's Geschichte - Care Corner Orphanage Foundation\",\"isPartOf\":{\"@id\":\"https:\\\/\\\/www.carecornerorphanage.com\\\/de\\\/#website\"},\"datePublished\":\"2019-08-02T16:10:06+00:00\",\"dateModified\":\"2019-09-10T03:43:10+00:00\",\"breadcrumb\":{\"@id\":\"https:\\\/\\\/www.carecornerorphanage.com\\\/de\\\/schicksale\\\/amima\\\/#breadcrumb\"},\"inLanguage\":\"de\",\"potentialAction\":[{\"@type\":\"ReadAction\",\"target\":[\"https:\\\/\\\/www.carecornerorphanage.com\\\/de\\\/schicksale\\\/amima\\\/\"]}]},{\"@type\":\"BreadcrumbList\",\"@id\":\"https:\\\/\\\/www.carecornerorphanage.com\\\/de\\\/schicksale\\\/amima\\\/#breadcrumb\",\"itemListElement\":[{\"@type\":\"ListItem\",\"position\":1,\"name\":\"Home\",\"item\":\"https:\\\/\\\/www.carecornerorphanage.com\\\/de\\\/\"},{\"@type\":\"ListItem\",\"position\":2,\"name\":\"Schicksale\",\"item\":\"https:\\\/\\\/www.carecornerorphanage.com\\\/de\\\/schicksale\\\/\"},{\"@type\":\"ListItem\",\"position\":3,\"name\":\"Amima&#8217;s Geschichte\"}]},{\"@type\":\"WebSite\",\"@id\":\"https:\\\/\\\/www.carecornerorphanage.com\\\/de\\\/#website\",\"url\":\"https:\\\/\\\/www.carecornerorphanage.com\\\/de\\\/\",\"name\":\"Care Corner Orphanage Foundation\",\"description\":\"Just another WordPress site\",\"potentialAction\":[{\"@type\":\"SearchAction\",\"target\":{\"@type\":\"EntryPoint\",\"urlTemplate\":\"https:\\\/\\\/www.carecornerorphanage.com\\\/de\\\/?s={search_term_string}\"},\"query-input\":{\"@type\":\"PropertyValueSpecification\",\"valueRequired\":true,\"valueName\":\"search_term_string\"}}],\"inLanguage\":\"de\"}]}<\/script>\n<!-- \/ Yoast SEO plugin. -->","yoast_head_json":{"title":"Amima's Geschichte - Care Corner Orphanage Foundation","robots":{"index":"index","follow":"follow","max-snippet":"max-snippet:-1","max-image-preview":"max-image-preview:large","max-video-preview":"max-video-preview:-1"},"canonical":"https:\/\/www.carecornerorphanage.com\/de\/schicksale\/amima\/","og_locale":"de_DE","og_type":"article","og_title":"Amima's Geschichte - Care Corner Orphanage Foundation","og_url":"https:\/\/www.carecornerorphanage.com\/de\/schicksale\/amima\/","og_site_name":"Care Corner Orphanage Foundation","article_modified_time":"2019-09-10T03:43:10+00:00","twitter_card":"summary_large_image","twitter_misc":{"Gesch\u00e4tzte Lesezeit":"6\u00a0Minuten"},"schema":{"@context":"https:\/\/schema.org","@graph":[{"@type":"WebPage","@id":"https:\/\/www.carecornerorphanage.com\/de\/schicksale\/amima\/","url":"https:\/\/www.carecornerorphanage.com\/de\/schicksale\/amima\/","name":"Amima's Geschichte - Care Corner Orphanage Foundation","isPartOf":{"@id":"https:\/\/www.carecornerorphanage.com\/de\/#website"},"datePublished":"2019-08-02T16:10:06+00:00","dateModified":"2019-09-10T03:43:10+00:00","breadcrumb":{"@id":"https:\/\/www.carecornerorphanage.com\/de\/schicksale\/amima\/#breadcrumb"},"inLanguage":"de","potentialAction":[{"@type":"ReadAction","target":["https:\/\/www.carecornerorphanage.com\/de\/schicksale\/amima\/"]}]},{"@type":"BreadcrumbList","@id":"https:\/\/www.carecornerorphanage.com\/de\/schicksale\/amima\/#breadcrumb","itemListElement":[{"@type":"ListItem","position":1,"name":"Home","item":"https:\/\/www.carecornerorphanage.com\/de\/"},{"@type":"ListItem","position":2,"name":"Schicksale","item":"https:\/\/www.carecornerorphanage.com\/de\/schicksale\/"},{"@type":"ListItem","position":3,"name":"Amima&#8217;s Geschichte"}]},{"@type":"WebSite","@id":"https:\/\/www.carecornerorphanage.com\/de\/#website","url":"https:\/\/www.carecornerorphanage.com\/de\/","name":"Care Corner Orphanage Foundation","description":"Just another WordPress site","potentialAction":[{"@type":"SearchAction","target":{"@type":"EntryPoint","urlTemplate":"https:\/\/www.carecornerorphanage.com\/de\/?s={search_term_string}"},"query-input":{"@type":"PropertyValueSpecification","valueRequired":true,"valueName":"search_term_string"}}],"inLanguage":"de"}]}},"_links":{"self":[{"href":"https:\/\/www.carecornerorphanage.com\/de\/wp-json\/wp\/v2\/pages\/4035","targetHints":{"allow":["GET"]}}],"collection":[{"href":"https:\/\/www.carecornerorphanage.com\/de\/wp-json\/wp\/v2\/pages"}],"about":[{"href":"https:\/\/www.carecornerorphanage.com\/de\/wp-json\/wp\/v2\/types\/page"}],"author":[{"embeddable":true,"href":"https:\/\/www.carecornerorphanage.com\/de\/wp-json\/wp\/v2\/users\/1"}],"replies":[{"embeddable":true,"href":"https:\/\/www.carecornerorphanage.com\/de\/wp-json\/wp\/v2\/comments?post=4035"}],"version-history":[{"count":8,"href":"https:\/\/www.carecornerorphanage.com\/de\/wp-json\/wp\/v2\/pages\/4035\/revisions"}],"predecessor-version":[{"id":5367,"href":"https:\/\/www.carecornerorphanage.com\/de\/wp-json\/wp\/v2\/pages\/4035\/revisions\/5367"}],"up":[{"embeddable":true,"href":"https:\/\/www.carecornerorphanage.com\/de\/wp-json\/wp\/v2\/pages\/3223"}],"wp:attachment":[{"href":"https:\/\/www.carecornerorphanage.com\/de\/wp-json\/wp\/v2\/media?parent=4035"}],"curies":[{"name":"wp","href":"https:\/\/api.w.org\/{rel}","templated":true}]}}