{"id":4047,"date":"2019-08-02T16:11:10","date_gmt":"2019-08-02T16:11:10","guid":{"rendered":"https:\/\/www.carecornerorphanage.com\/real-life-stories\/non\/"},"modified":"2019-09-10T03:44:41","modified_gmt":"2019-09-10T03:44:41","slug":"non","status":"publish","type":"page","link":"https:\/\/www.carecornerorphanage.com\/de\/schicksale\/non\/","title":{"rendered":"Non&#8217;s Geschichte"},"content":{"rendered":"<div id='welcome'  class='av-layout-grid-container av-7vao79-b46d9f3a4d4cb36deb56e16f3452af3f entry-content-wrapper main_color av-fixed-cells  avia-builder-el-0  el_before_av_one_third  avia-builder-el-first  line-header  container_wrap sidebar_right'  >\n\n<style type=\"text\/css\" data-created_by=\"avia_inline_auto\" id=\"style-css-av-7qqg5x-527bc5e44229f41c0dad4dd4fb1724de\">\n.flex_cell.av-7qqg5x-527bc5e44229f41c0dad4dd4fb1724de{\nvertical-align:top;\nheight:15px;\nmin-height:15px;\nbackground-color:#bf292b;\n}\n.responsive #top #wrap_all .flex_cell.av-7qqg5x-527bc5e44229f41c0dad4dd4fb1724de{\npadding:0px 0px 0px 0px !important;\n}\n<\/style>\n<div class='flex_cell av-7qqg5x-527bc5e44229f41c0dad4dd4fb1724de av-gridrow-cell av_one_fourth no_margin  avia-builder-el-1  el_before_av_cell_one_fourth  avia-builder-el-first  content-align-top av-zero-padding'  ><div class='flex_cell_inner'><\/div><\/div>\n<style type=\"text\/css\" data-created_by=\"avia_inline_auto\" id=\"style-css-av-7le8et-806fd6de9af77d9cbfde13316ef8516d\">\n.flex_cell.av-7le8et-806fd6de9af77d9cbfde13316ef8516d{\nvertical-align:top;\nheight:15px;\nmin-height:15px;\nbackground-color:#f5d012;\n}\n.responsive #top #wrap_all .flex_cell.av-7le8et-806fd6de9af77d9cbfde13316ef8516d{\npadding:0px 0px 0px 0px !important;\n}\n<\/style>\n<div class='flex_cell av-7le8et-806fd6de9af77d9cbfde13316ef8516d av-gridrow-cell av_one_fourth no_margin  avia-builder-el-2  el_after_av_cell_one_fourth  el_before_av_cell_one_fourth  content-align-top av-zero-padding'  ><div class='flex_cell_inner'><\/div><\/div>\n<style type=\"text\/css\" data-created_by=\"avia_inline_auto\" id=\"style-css-av-7b29z9-aba9350cae89cd4882e010f7e35c1f45\">\n.flex_cell.av-7b29z9-aba9350cae89cd4882e010f7e35c1f45{\nvertical-align:top;\nheight:15px;\nmin-height:15px;\nbackground-color:#779d3f;\n}\n.responsive #top #wrap_all .flex_cell.av-7b29z9-aba9350cae89cd4882e010f7e35c1f45{\npadding:0px 0px 0px 0px !important;\n}\n<\/style>\n<div class='flex_cell av-7b29z9-aba9350cae89cd4882e010f7e35c1f45 av-gridrow-cell av_one_fourth no_margin  avia-builder-el-3  el_after_av_cell_one_fourth  el_before_av_cell_one_fourth  content-align-top av-zero-padding'  ><div class='flex_cell_inner'><\/div><\/div>\n<style type=\"text\/css\" data-created_by=\"avia_inline_auto\" id=\"style-css-av-7683x1-d743b110021f7e2e9c486dd9f4a1a991\">\n.flex_cell.av-7683x1-d743b110021f7e2e9c486dd9f4a1a991{\nvertical-align:top;\nheight:15px;\nmin-height:15px;\nbackground-color:#73aede;\n}\n.responsive #top #wrap_all .flex_cell.av-7683x1-d743b110021f7e2e9c486dd9f4a1a991{\npadding:0px 0px 0px 0px !important;\n}\n<\/style>\n<div class='flex_cell av-7683x1-d743b110021f7e2e9c486dd9f4a1a991 av-gridrow-cell av_one_fourth no_margin  avia-builder-el-4  el_after_av_cell_one_fourth  avia-builder-el-last  content-align-top av-zero-padding'  ><div class='flex_cell_inner'><\/div><\/div>\n<\/div><div id='after_grid_row_1'  class='main_color av_default_container_wrap container_wrap sidebar_right'  ><div class='container av-section-cont-open' ><div class='template-page content  av-content-small alpha units'><div class='post-entry post-entry-type-page post-entry-4047'><div class='entry-content-wrapper clearfix'>\n\n<style type=\"text\/css\" data-created_by=\"avia_inline_auto\" id=\"style-css-av-e8v8t8-d20668fcec9d13659ac3a407e8583cc1\">\n.flex_column.av-e8v8t8-d20668fcec9d13659ac3a407e8583cc1{\nborder-radius:0px 0px 0px 0px;\npadding:80px 0px 0px 0px;\n}\n<\/style>\n<div  class='flex_column av-e8v8t8-d20668fcec9d13659ac3a407e8583cc1 av_one_third  avia-builder-el-5  el_after_av_layout_row  el_before_av_two_third  avia-builder-el-first  first flex_column_div  '     ><style type=\"text\/css\" data-created_by=\"avia_inline_auto\" id=\"style-css-av-jylja9id-409709cc121faf201bca76c5c32f9b7e\">\n#top .avia-gallery.av-jylja9id-409709cc121faf201bca76c5c32f9b7e .avia-gallery-thumb a{\nwidth:100%;\n}\n<\/style>\n<div  class='avia-gallery av-jylja9id-409709cc121faf201bca76c5c32f9b7e avia_animate_when_visible  avia-builder-el-6  avia-builder-el-no-sibling  avia_lazyload avia-gallery-animate avia-gallery-1'  itemprop=\"image\" itemscope=\"itemscope\" itemtype=\"https:\/\/schema.org\/ImageObject\" ><meta itemprop=\"contentURL\" content=\"https:\/\/www.carecornerorphanage.com\/de\/schicksale\/non\/\"><div class='avia-gallery-thumb'><a href=\"https:\/\/www.carecornerorphanage.com\/wp-content\/uploads\/2019\/08\/student-boy.png\" data-srcset=\"https:\/\/www.carecornerorphanage.com\/wp-content\/uploads\/2019\/08\/student-boy.png 512w, https:\/\/www.carecornerorphanage.com\/wp-content\/uploads\/2019\/08\/student-boy-80x80.png 80w, https:\/\/www.carecornerorphanage.com\/wp-content\/uploads\/2019\/08\/student-boy-300x300.png 300w, https:\/\/www.carecornerorphanage.com\/wp-content\/uploads\/2019\/08\/student-boy-36x36.png 36w, https:\/\/www.carecornerorphanage.com\/wp-content\/uploads\/2019\/08\/student-boy-180x180.png 180w, https:\/\/www.carecornerorphanage.com\/wp-content\/uploads\/2019\/08\/student-boy-120x120.png 120w, https:\/\/www.carecornerorphanage.com\/wp-content\/uploads\/2019\/08\/student-boy-450x450.png 450w\" data-sizes=\"(max-width: 512px) 100vw, 512px\" data-rel='gallery-1' data-prev-img='https:\/\/www.carecornerorphanage.com\/wp-content\/uploads\/2019\/08\/student-boy-495x400.png' class='first_thumb lightbox ' data-onclick='1' title=''  itemprop=\"thumbnailUrl\"  ><img decoding=\"async\" fetchpriority=\"high\" class=\"wp-image-3912 avia-img-lazy-loading-not-3912\"   src=\"https:\/\/www.carecornerorphanage.com\/wp-content\/uploads\/2019\/08\/student-boy-300x300.png\" width=\"300\" height=\"300\"  title='' alt='' srcset=\"https:\/\/www.carecornerorphanage.com\/wp-content\/uploads\/2019\/08\/student-boy-300x300.png 300w, https:\/\/www.carecornerorphanage.com\/wp-content\/uploads\/2019\/08\/student-boy-80x80.png 80w, https:\/\/www.carecornerorphanage.com\/wp-content\/uploads\/2019\/08\/student-boy-36x36.png 36w, https:\/\/www.carecornerorphanage.com\/wp-content\/uploads\/2019\/08\/student-boy-180x180.png 180w, https:\/\/www.carecornerorphanage.com\/wp-content\/uploads\/2019\/08\/student-boy-120x120.png 120w, https:\/\/www.carecornerorphanage.com\/wp-content\/uploads\/2019\/08\/student-boy-450x450.png 450w, https:\/\/www.carecornerorphanage.com\/wp-content\/uploads\/2019\/08\/student-boy.png 512w\" sizes=\"(max-width: 300px) 100vw, 300px\" \/><div class='big-prev-fake'><img decoding=\"async\" loading=\"lazy\" class=\"wp-image-3912 avia-img-lazy-loading-3912\"  width=\"495\" height=\"400\" src=\"https:\/\/www.carecornerorphanage.com\/wp-content\/uploads\/2019\/08\/student-boy-495x400.png\" title='' alt='' \/><\/div><\/a><\/div><\/div><\/div>\n<style type=\"text\/css\" data-created_by=\"avia_inline_auto\" id=\"style-css-av-d6faa4-f4de3bb016b7cf07e7de91f0234ca272\">\n.flex_column.av-d6faa4-f4de3bb016b7cf07e7de91f0234ca272{\nborder-radius:0px 0px 0px 0px;\npadding:0px 0px 0px 0px;\n}\n<\/style>\n<div  class='flex_column av-d6faa4-f4de3bb016b7cf07e7de91f0234ca272 av_two_third  avia-builder-el-7  el_after_av_one_third  el_before_av_layout_row  avia-builder-el-last  flex_column_div av-zero-column-padding  '     ><p>\n<style type=\"text\/css\" data-created_by=\"avia_inline_auto\" id=\"style-css-av-av_heading-289f77c51936705875a42522063d911a\">\n#top .av-special-heading.av-av_heading-289f77c51936705875a42522063d911a{\npadding-bottom:10px;\nfont-size:40px;\n}\nbody .av-special-heading.av-av_heading-289f77c51936705875a42522063d911a .av-special-heading-tag .heading-char{\nfont-size:25px;\n}\n#top #wrap_all .av-special-heading.av-av_heading-289f77c51936705875a42522063d911a .av-special-heading-tag{\nfont-size:40px;\n}\n.av-special-heading.av-av_heading-289f77c51936705875a42522063d911a .av-subheading{\nfont-size:15px;\n}\n\n@media only screen and (min-width: 480px) and (max-width: 767px){ \n#top #wrap_all .av-special-heading.av-av_heading-289f77c51936705875a42522063d911a .av-special-heading-tag{\nfont-size:0.8em;\n}\n}\n\n@media only screen and (max-width: 479px){ \n#top #wrap_all .av-special-heading.av-av_heading-289f77c51936705875a42522063d911a .av-special-heading-tag{\nfont-size:0.8em;\n}\n}\n<\/style>\n<div  class='av-special-heading av-av_heading-289f77c51936705875a42522063d911a av-special-heading-h1 blockquote modern-quote  avia-builder-el-8  el_before_av_textblock  avia-builder-el-first  av-inherit-size'><h1 class='av-special-heading-tag '  itemprop=\"headline\"  ><b>Non\u2019s Geschichte<\/b><\/h1><div class=\"special-heading-border\"><div class=\"special-heading-inner-border\"><\/div><\/div><\/div><br \/>\n\n<style type=\"text\/css\" data-created_by=\"avia_inline_auto\" id=\"style-css-av-6hv2m5-2a3cf7626a6ca2ae607d5de1507807a8\">\n#top .av_textblock_section.av-6hv2m5-2a3cf7626a6ca2ae607d5de1507807a8 .avia_textblock{\nfont-size:16px;\n}\n<\/style>\n<section  class='av_textblock_section av-6hv2m5-2a3cf7626a6ca2ae607d5de1507807a8 '   itemscope=\"itemscope\" itemtype=\"https:\/\/schema.org\/CreativeWork\" ><div class='avia_textblock'  itemprop=\"text\" ><p>Mein Name ist &#8222;Non&#8220;. Ich bin sieben Jahre alt und habe AIDS. Ich wurde in Chiang Dao, Thailand geboren und die Mehrheit meiner Familie lebt dort. Ich hatte bei meinen Gro\u00dfeltern gelebt. Da mein Opa an Lepra leidet, wurde ich von meinem Onkel ins Regenbogen-Haus (ehemals AIDS Babies Center ABC) in Care Corner Thailand gebracht. Meine Eltern sind beide tot. Mein Vater starb vor ungef\u00e4hr drei Jahren an Malaria und meine Mutter starb vor ungef\u00e4hr zwei Monaten an AIDS. Ich vermisse meine Eltern und Verwandten, aber ich muss mich gut an mein neues Zuhause anpassen.<\/p>\n<p>Heutzutage dreht sich vieles um meine Gesundheit. Ich komme gerade \u00fcber diesen gro\u00dfen und offenen Virusausschlag (Herpes Zoster) hinweg. Ich hatte auch starke Bauchschmerzen (Blasenentz\u00fcndung), aber der Arzt gab mir Medikamente f\u00fcr beides und ich f\u00fchle mich jetzt besser. Ich wiege ungef\u00e4hr 18 Kilogramm und bekomme leichte Schmerzen auf der Zunge (eine Pilzinfektion). Ich nehme ab, weil ich mich h\u00e4ufig \u00fcbergeben muss, aber ich esse immer noch gerne. (Die \u00c4rzte sagen, dass nun die letzte Spirale in Richtung Tod beginnt, aber ich k\u00f6nnte noch ein Jahr l\u00e4nger leben.) Meine Krankheit bremst mich jetzt allerdings. Ich bekomme zwei B\u00e4der am Tag, drei gute Mahlzeiten und zwei Snacks am Tag. Ich habe viel Ruhe und Zeit, um mit Freunden zu spielen, die ich im Regenbogen-Haus gemacht habe. Ich m\u00f6chte Ihnen f\u00fcr Ihre Gebete und Ihre Unterst\u00fctzung danken und m\u00f6ge der Herr Sie segnen.<\/p>\n<p>Hinweis: Non ist am 25. November 1999 verstorben<br \/>\nDiese Geschichte wurde im November 1998 von einem Freiwilligen im Regenbogen-Haus geschrieben<\/p>\n<h4><\/h4>\n<\/div><\/section><\/p><\/div><\/p>\n<\/div><\/div><\/div><!-- close content main div --><\/div><\/div><div id='welcome'  class='av-layout-grid-container av-7vao79-7a188a59cfa2612a1bee9b3732475039 entry-content-wrapper main_color av-fixed-cells  avia-builder-el-10  el_after_av_two_third  avia-builder-el-last  grid-row-not-first  container_wrap sidebar_right'  >\n\n<style type=\"text\/css\" data-created_by=\"avia_inline_auto\" id=\"style-css-av-7qqg5x-527bc5e44229f41c0dad4dd4fb1724de\">\n.flex_cell.av-7qqg5x-527bc5e44229f41c0dad4dd4fb1724de{\nvertical-align:top;\nheight:15px;\nmin-height:15px;\nbackground-color:#bf292b;\n}\n.responsive #top #wrap_all .flex_cell.av-7qqg5x-527bc5e44229f41c0dad4dd4fb1724de{\npadding:0px 0px 0px 0px !important;\n}\n<\/style>\n<div class='flex_cell av-7qqg5x-527bc5e44229f41c0dad4dd4fb1724de av-gridrow-cell av_one_fourth no_margin  avia-builder-el-11  el_before_av_cell_one_fourth  avia-builder-el-first  content-align-top av-zero-padding'  ><div class='flex_cell_inner'><\/div><\/div>\n<style type=\"text\/css\" data-created_by=\"avia_inline_auto\" id=\"style-css-av-7le8et-806fd6de9af77d9cbfde13316ef8516d\">\n.flex_cell.av-7le8et-806fd6de9af77d9cbfde13316ef8516d{\nvertical-align:top;\nheight:15px;\nmin-height:15px;\nbackground-color:#f5d012;\n}\n.responsive #top #wrap_all .flex_cell.av-7le8et-806fd6de9af77d9cbfde13316ef8516d{\npadding:0px 0px 0px 0px !important;\n}\n<\/style>\n<div class='flex_cell av-7le8et-806fd6de9af77d9cbfde13316ef8516d av-gridrow-cell av_one_fourth no_margin  avia-builder-el-12  el_after_av_cell_one_fourth  el_before_av_cell_one_fourth  content-align-top av-zero-padding'  ><div class='flex_cell_inner'><\/div><\/div>\n<style type=\"text\/css\" data-created_by=\"avia_inline_auto\" id=\"style-css-av-7b29z9-aba9350cae89cd4882e010f7e35c1f45\">\n.flex_cell.av-7b29z9-aba9350cae89cd4882e010f7e35c1f45{\nvertical-align:top;\nheight:15px;\nmin-height:15px;\nbackground-color:#779d3f;\n}\n.responsive #top #wrap_all .flex_cell.av-7b29z9-aba9350cae89cd4882e010f7e35c1f45{\npadding:0px 0px 0px 0px !important;\n}\n<\/style>\n<div class='flex_cell av-7b29z9-aba9350cae89cd4882e010f7e35c1f45 av-gridrow-cell av_one_fourth no_margin  avia-builder-el-13  el_after_av_cell_one_fourth  el_before_av_cell_one_fourth  content-align-top av-zero-padding'  ><div class='flex_cell_inner'><\/div><\/div>\n<style type=\"text\/css\" data-created_by=\"avia_inline_auto\" id=\"style-css-av-7683x1-d743b110021f7e2e9c486dd9f4a1a991\">\n.flex_cell.av-7683x1-d743b110021f7e2e9c486dd9f4a1a991{\nvertical-align:top;\nheight:15px;\nmin-height:15px;\nbackground-color:#73aede;\n}\n.responsive #top #wrap_all .flex_cell.av-7683x1-d743b110021f7e2e9c486dd9f4a1a991{\npadding:0px 0px 0px 0px !important;\n}\n<\/style>\n<div class='flex_cell av-7683x1-d743b110021f7e2e9c486dd9f4a1a991 av-gridrow-cell av_one_fourth no_margin  avia-builder-el-14  el_after_av_cell_one_fourth  avia-builder-el-last  content-align-top av-zero-padding'  ><div class='flex_cell_inner'><\/div><\/div>\n<\/div>\n","protected":false},"excerpt":{"rendered":"","protected":false},"author":1,"featured_media":0,"parent":3223,"menu_order":0,"comment_status":"closed","ping_status":"closed","template":"","meta":{"footnotes":""},"class_list":["post-4047","page","type-page","status-publish","hentry"],"yoast_head":"<!-- This site is optimized with the Yoast SEO plugin v27.4 - https:\/\/yoast.com\/product\/yoast-seo-wordpress\/ -->\n<title>Non&#039;s Geschichte - Care Corner Orphanage Foundation<\/title>\n<meta name=\"robots\" content=\"index, follow, max-snippet:-1, max-image-preview:large, max-video-preview:-1\" \/>\n<link rel=\"canonical\" href=\"https:\/\/www.carecornerorphanage.com\/de\/schicksale\/non\/\" \/>\n<meta property=\"og:locale\" content=\"de_DE\" \/>\n<meta property=\"og:type\" content=\"article\" \/>\n<meta property=\"og:title\" content=\"Non&#039;s Geschichte - Care Corner Orphanage Foundation\" \/>\n<meta property=\"og:url\" content=\"https:\/\/www.carecornerorphanage.com\/de\/schicksale\/non\/\" \/>\n<meta property=\"og:site_name\" content=\"Care Corner Orphanage Foundation\" \/>\n<meta property=\"article:modified_time\" content=\"2019-09-10T03:44:41+00:00\" \/>\n<meta name=\"twitter:card\" content=\"summary_large_image\" \/>\n<meta name=\"twitter:label1\" content=\"Gesch\u00e4tzte Lesezeit\" \/>\n\t<meta name=\"twitter:data1\" content=\"6\u00a0Minuten\" \/>\n<script type=\"application\/ld+json\" class=\"yoast-schema-graph\">{\"@context\":\"https:\\\/\\\/schema.org\",\"@graph\":[{\"@type\":\"WebPage\",\"@id\":\"https:\\\/\\\/www.carecornerorphanage.com\\\/de\\\/schicksale\\\/non\\\/\",\"url\":\"https:\\\/\\\/www.carecornerorphanage.com\\\/de\\\/schicksale\\\/non\\\/\",\"name\":\"Non's Geschichte - Care Corner Orphanage Foundation\",\"isPartOf\":{\"@id\":\"https:\\\/\\\/www.carecornerorphanage.com\\\/de\\\/#website\"},\"datePublished\":\"2019-08-02T16:11:10+00:00\",\"dateModified\":\"2019-09-10T03:44:41+00:00\",\"breadcrumb\":{\"@id\":\"https:\\\/\\\/www.carecornerorphanage.com\\\/de\\\/schicksale\\\/non\\\/#breadcrumb\"},\"inLanguage\":\"de\",\"potentialAction\":[{\"@type\":\"ReadAction\",\"target\":[\"https:\\\/\\\/www.carecornerorphanage.com\\\/de\\\/schicksale\\\/non\\\/\"]}]},{\"@type\":\"BreadcrumbList\",\"@id\":\"https:\\\/\\\/www.carecornerorphanage.com\\\/de\\\/schicksale\\\/non\\\/#breadcrumb\",\"itemListElement\":[{\"@type\":\"ListItem\",\"position\":1,\"name\":\"Home\",\"item\":\"https:\\\/\\\/www.carecornerorphanage.com\\\/de\\\/\"},{\"@type\":\"ListItem\",\"position\":2,\"name\":\"Schicksale\",\"item\":\"https:\\\/\\\/www.carecornerorphanage.com\\\/de\\\/schicksale\\\/\"},{\"@type\":\"ListItem\",\"position\":3,\"name\":\"Non&#8217;s Geschichte\"}]},{\"@type\":\"WebSite\",\"@id\":\"https:\\\/\\\/www.carecornerorphanage.com\\\/de\\\/#website\",\"url\":\"https:\\\/\\\/www.carecornerorphanage.com\\\/de\\\/\",\"name\":\"Care Corner Orphanage Foundation\",\"description\":\"Just another WordPress site\",\"potentialAction\":[{\"@type\":\"SearchAction\",\"target\":{\"@type\":\"EntryPoint\",\"urlTemplate\":\"https:\\\/\\\/www.carecornerorphanage.com\\\/de\\\/?s={search_term_string}\"},\"query-input\":{\"@type\":\"PropertyValueSpecification\",\"valueRequired\":true,\"valueName\":\"search_term_string\"}}],\"inLanguage\":\"de\"}]}<\/script>\n<!-- \/ Yoast SEO plugin. -->","yoast_head_json":{"title":"Non's Geschichte - Care Corner Orphanage Foundation","robots":{"index":"index","follow":"follow","max-snippet":"max-snippet:-1","max-image-preview":"max-image-preview:large","max-video-preview":"max-video-preview:-1"},"canonical":"https:\/\/www.carecornerorphanage.com\/de\/schicksale\/non\/","og_locale":"de_DE","og_type":"article","og_title":"Non's Geschichte - Care Corner Orphanage Foundation","og_url":"https:\/\/www.carecornerorphanage.com\/de\/schicksale\/non\/","og_site_name":"Care Corner Orphanage Foundation","article_modified_time":"2019-09-10T03:44:41+00:00","twitter_card":"summary_large_image","twitter_misc":{"Gesch\u00e4tzte Lesezeit":"6\u00a0Minuten"},"schema":{"@context":"https:\/\/schema.org","@graph":[{"@type":"WebPage","@id":"https:\/\/www.carecornerorphanage.com\/de\/schicksale\/non\/","url":"https:\/\/www.carecornerorphanage.com\/de\/schicksale\/non\/","name":"Non's Geschichte - Care Corner Orphanage Foundation","isPartOf":{"@id":"https:\/\/www.carecornerorphanage.com\/de\/#website"},"datePublished":"2019-08-02T16:11:10+00:00","dateModified":"2019-09-10T03:44:41+00:00","breadcrumb":{"@id":"https:\/\/www.carecornerorphanage.com\/de\/schicksale\/non\/#breadcrumb"},"inLanguage":"de","potentialAction":[{"@type":"ReadAction","target":["https:\/\/www.carecornerorphanage.com\/de\/schicksale\/non\/"]}]},{"@type":"BreadcrumbList","@id":"https:\/\/www.carecornerorphanage.com\/de\/schicksale\/non\/#breadcrumb","itemListElement":[{"@type":"ListItem","position":1,"name":"Home","item":"https:\/\/www.carecornerorphanage.com\/de\/"},{"@type":"ListItem","position":2,"name":"Schicksale","item":"https:\/\/www.carecornerorphanage.com\/de\/schicksale\/"},{"@type":"ListItem","position":3,"name":"Non&#8217;s Geschichte"}]},{"@type":"WebSite","@id":"https:\/\/www.carecornerorphanage.com\/de\/#website","url":"https:\/\/www.carecornerorphanage.com\/de\/","name":"Care Corner Orphanage Foundation","description":"Just another WordPress site","potentialAction":[{"@type":"SearchAction","target":{"@type":"EntryPoint","urlTemplate":"https:\/\/www.carecornerorphanage.com\/de\/?s={search_term_string}"},"query-input":{"@type":"PropertyValueSpecification","valueRequired":true,"valueName":"search_term_string"}}],"inLanguage":"de"}]}},"_links":{"self":[{"href":"https:\/\/www.carecornerorphanage.com\/de\/wp-json\/wp\/v2\/pages\/4047","targetHints":{"allow":["GET"]}}],"collection":[{"href":"https:\/\/www.carecornerorphanage.com\/de\/wp-json\/wp\/v2\/pages"}],"about":[{"href":"https:\/\/www.carecornerorphanage.com\/de\/wp-json\/wp\/v2\/types\/page"}],"author":[{"embeddable":true,"href":"https:\/\/www.carecornerorphanage.com\/de\/wp-json\/wp\/v2\/users\/1"}],"replies":[{"embeddable":true,"href":"https:\/\/www.carecornerorphanage.com\/de\/wp-json\/wp\/v2\/comments?post=4047"}],"version-history":[{"count":10,"href":"https:\/\/www.carecornerorphanage.com\/de\/wp-json\/wp\/v2\/pages\/4047\/revisions"}],"predecessor-version":[{"id":5369,"href":"https:\/\/www.carecornerorphanage.com\/de\/wp-json\/wp\/v2\/pages\/4047\/revisions\/5369"}],"up":[{"embeddable":true,"href":"https:\/\/www.carecornerorphanage.com\/de\/wp-json\/wp\/v2\/pages\/3223"}],"wp:attachment":[{"href":"https:\/\/www.carecornerorphanage.com\/de\/wp-json\/wp\/v2\/media?parent=4047"}],"curies":[{"name":"wp","href":"https:\/\/api.w.org\/{rel}","templated":true}]}}