{"id":6205,"date":"2019-09-04T09:22:22","date_gmt":"2019-09-04T09:22:22","guid":{"rendered":"https:\/\/www.carecornerorphanage.com\/schicksale\/suwannas-story\/"},"modified":"2019-09-10T04:08:54","modified_gmt":"2019-09-10T04:08:54","slug":"suwanna","status":"publish","type":"page","link":"https:\/\/www.carecornerorphanage.com\/de\/schicksale\/suwanna\/","title":{"rendered":"Suwanna&#8217;s Geschichte"},"content":{"rendered":"<div id='welcome'  class='av-layout-grid-container av-7vao79-b46d9f3a4d4cb36deb56e16f3452af3f entry-content-wrapper main_color av-fixed-cells  avia-builder-el-0  el_before_av_one_third  avia-builder-el-first  line-header  container_wrap sidebar_right'  >\n\n<style type=\"text\/css\" data-created_by=\"avia_inline_auto\" id=\"style-css-av-7qqg5x-527bc5e44229f41c0dad4dd4fb1724de\">\n.flex_cell.av-7qqg5x-527bc5e44229f41c0dad4dd4fb1724de{\nvertical-align:top;\nheight:15px;\nmin-height:15px;\nbackground-color:#bf292b;\n}\n.responsive #top #wrap_all .flex_cell.av-7qqg5x-527bc5e44229f41c0dad4dd4fb1724de{\npadding:0px 0px 0px 0px !important;\n}\n<\/style>\n<div class='flex_cell av-7qqg5x-527bc5e44229f41c0dad4dd4fb1724de av-gridrow-cell av_one_fourth no_margin  avia-builder-el-1  el_before_av_cell_one_fourth  avia-builder-el-first  content-align-top av-zero-padding'  ><div class='flex_cell_inner'><\/div><\/div>\n<style type=\"text\/css\" data-created_by=\"avia_inline_auto\" id=\"style-css-av-7le8et-806fd6de9af77d9cbfde13316ef8516d\">\n.flex_cell.av-7le8et-806fd6de9af77d9cbfde13316ef8516d{\nvertical-align:top;\nheight:15px;\nmin-height:15px;\nbackground-color:#f5d012;\n}\n.responsive #top #wrap_all .flex_cell.av-7le8et-806fd6de9af77d9cbfde13316ef8516d{\npadding:0px 0px 0px 0px !important;\n}\n<\/style>\n<div class='flex_cell av-7le8et-806fd6de9af77d9cbfde13316ef8516d av-gridrow-cell av_one_fourth no_margin  avia-builder-el-2  el_after_av_cell_one_fourth  el_before_av_cell_one_fourth  content-align-top av-zero-padding'  ><div class='flex_cell_inner'><\/div><\/div>\n<style type=\"text\/css\" data-created_by=\"avia_inline_auto\" id=\"style-css-av-7b29z9-aba9350cae89cd4882e010f7e35c1f45\">\n.flex_cell.av-7b29z9-aba9350cae89cd4882e010f7e35c1f45{\nvertical-align:top;\nheight:15px;\nmin-height:15px;\nbackground-color:#779d3f;\n}\n.responsive #top #wrap_all .flex_cell.av-7b29z9-aba9350cae89cd4882e010f7e35c1f45{\npadding:0px 0px 0px 0px !important;\n}\n<\/style>\n<div class='flex_cell av-7b29z9-aba9350cae89cd4882e010f7e35c1f45 av-gridrow-cell av_one_fourth no_margin  avia-builder-el-3  el_after_av_cell_one_fourth  el_before_av_cell_one_fourth  content-align-top av-zero-padding'  ><div class='flex_cell_inner'><\/div><\/div>\n<style type=\"text\/css\" data-created_by=\"avia_inline_auto\" id=\"style-css-av-7683x1-d743b110021f7e2e9c486dd9f4a1a991\">\n.flex_cell.av-7683x1-d743b110021f7e2e9c486dd9f4a1a991{\nvertical-align:top;\nheight:15px;\nmin-height:15px;\nbackground-color:#73aede;\n}\n.responsive #top #wrap_all .flex_cell.av-7683x1-d743b110021f7e2e9c486dd9f4a1a991{\npadding:0px 0px 0px 0px !important;\n}\n<\/style>\n<div class='flex_cell av-7683x1-d743b110021f7e2e9c486dd9f4a1a991 av-gridrow-cell av_one_fourth no_margin  avia-builder-el-4  el_after_av_cell_one_fourth  avia-builder-el-last  content-align-top av-zero-padding'  ><div class='flex_cell_inner'><\/div><\/div>\n<\/div><div id='after_grid_row_1'  class='main_color av_default_container_wrap container_wrap sidebar_right'  ><div class='container av-section-cont-open' ><div class='template-page content  av-content-small alpha units'><div class='post-entry post-entry-type-page post-entry-6205'><div class='entry-content-wrapper clearfix'>\n\n<style type=\"text\/css\" data-created_by=\"avia_inline_auto\" id=\"style-css-av-e8v8t8-d20668fcec9d13659ac3a407e8583cc1\">\n.flex_column.av-e8v8t8-d20668fcec9d13659ac3a407e8583cc1{\nborder-radius:0px 0px 0px 0px;\npadding:80px 0px 0px 0px;\n}\n<\/style>\n<div  class='flex_column av-e8v8t8-d20668fcec9d13659ac3a407e8583cc1 av_one_third  avia-builder-el-5  el_after_av_layout_row  el_before_av_two_third  avia-builder-el-first  first flex_column_div  '     ><style type=\"text\/css\" data-created_by=\"avia_inline_auto\" id=\"style-css-av-jylja9id-18215b185a17c46e6b7aaf8533a26d91\">\n#top .avia-gallery.av-jylja9id-18215b185a17c46e6b7aaf8533a26d91 .avia-gallery-thumb a{\nwidth:100%;\n}\n<\/style>\n<div  class='avia-gallery av-jylja9id-18215b185a17c46e6b7aaf8533a26d91 avia_animate_when_visible  avia-builder-el-6  avia-builder-el-no-sibling  avia_lazyload avia-gallery-animate avia-gallery-1'  itemprop=\"image\" itemscope=\"itemscope\" itemtype=\"https:\/\/schema.org\/ImageObject\" ><meta itemprop=\"contentURL\" content=\"https:\/\/www.carecornerorphanage.com\/de\/schicksale\/suwanna\/\"><div class='avia-gallery-thumb'><a href=\"https:\/\/www.carecornerorphanage.com\/wp-content\/uploads\/2019\/09\/Family-photo.jpg\" data-srcset=\"https:\/\/www.carecornerorphanage.com\/wp-content\/uploads\/2019\/09\/Family-photo.jpg 1024w, https:\/\/www.carecornerorphanage.com\/wp-content\/uploads\/2019\/09\/Family-photo-80x80.jpg 80w, https:\/\/www.carecornerorphanage.com\/wp-content\/uploads\/2019\/09\/Family-photo-300x300.jpg 300w, https:\/\/www.carecornerorphanage.com\/wp-content\/uploads\/2019\/09\/Family-photo-768x768.jpg 768w, https:\/\/www.carecornerorphanage.com\/wp-content\/uploads\/2019\/09\/Family-photo-36x36.jpg 36w, https:\/\/www.carecornerorphanage.com\/wp-content\/uploads\/2019\/09\/Family-photo-180x180.jpg 180w, https:\/\/www.carecornerorphanage.com\/wp-content\/uploads\/2019\/09\/Family-photo-705x705.jpg 705w, https:\/\/www.carecornerorphanage.com\/wp-content\/uploads\/2019\/09\/Family-photo-120x120.jpg 120w, https:\/\/www.carecornerorphanage.com\/wp-content\/uploads\/2019\/09\/Family-photo-450x450.jpg 450w\" data-sizes=\"(max-width: 1024px) 100vw, 1024px\" data-rel='gallery-1' data-prev-img='https:\/\/www.carecornerorphanage.com\/wp-content\/uploads\/2019\/09\/Family-photo-495x400.jpg' class='first_thumb lightbox ' data-onclick='1' title='Family photo'  itemprop=\"thumbnailUrl\"  ><img decoding=\"async\" fetchpriority=\"high\" class=\"wp-image-6201 avia-img-lazy-loading-not-6201\"   src=\"https:\/\/www.carecornerorphanage.com\/wp-content\/uploads\/2019\/09\/Family-photo-300x300.jpg\" width=\"300\" height=\"300\"  title='Family photo' alt='' srcset=\"https:\/\/www.carecornerorphanage.com\/wp-content\/uploads\/2019\/09\/Family-photo-300x300.jpg 300w, https:\/\/www.carecornerorphanage.com\/wp-content\/uploads\/2019\/09\/Family-photo-80x80.jpg 80w, https:\/\/www.carecornerorphanage.com\/wp-content\/uploads\/2019\/09\/Family-photo-768x768.jpg 768w, https:\/\/www.carecornerorphanage.com\/wp-content\/uploads\/2019\/09\/Family-photo-36x36.jpg 36w, https:\/\/www.carecornerorphanage.com\/wp-content\/uploads\/2019\/09\/Family-photo-180x180.jpg 180w, https:\/\/www.carecornerorphanage.com\/wp-content\/uploads\/2019\/09\/Family-photo-705x705.jpg 705w, https:\/\/www.carecornerorphanage.com\/wp-content\/uploads\/2019\/09\/Family-photo-120x120.jpg 120w, https:\/\/www.carecornerorphanage.com\/wp-content\/uploads\/2019\/09\/Family-photo-450x450.jpg 450w, https:\/\/www.carecornerorphanage.com\/wp-content\/uploads\/2019\/09\/Family-photo.jpg 1024w\" sizes=\"(max-width: 300px) 100vw, 300px\" \/><div class='big-prev-fake'><img decoding=\"async\" loading=\"lazy\" class=\"wp-image-6201 avia-img-lazy-loading-6201\"  width=\"495\" height=\"400\" src=\"https:\/\/www.carecornerorphanage.com\/wp-content\/uploads\/2019\/09\/Family-photo-495x400.jpg\" title='Family photo' alt='' srcset=\"https:\/\/www.carecornerorphanage.com\/wp-content\/uploads\/2019\/09\/Family-photo-495x400.jpg 495w, https:\/\/www.carecornerorphanage.com\/wp-content\/uploads\/2019\/09\/Family-photo-845x684.jpg 845w\" sizes=\"auto, (max-width: 495px) 100vw, 495px\" \/><\/div><\/a><\/div><\/div><\/div>\n\n<style type=\"text\/css\" data-created_by=\"avia_inline_auto\" id=\"style-css-av-d6faa4-f4de3bb016b7cf07e7de91f0234ca272\">\n.flex_column.av-d6faa4-f4de3bb016b7cf07e7de91f0234ca272{\nborder-radius:0px 0px 0px 0px;\npadding:0px 0px 0px 0px;\n}\n<\/style>\n<div  class='flex_column av-d6faa4-f4de3bb016b7cf07e7de91f0234ca272 av_two_third  avia-builder-el-7  el_after_av_one_third  el_before_av_layout_row  avia-builder-el-last  flex_column_div av-zero-column-padding  '     ><p>\n<style type=\"text\/css\" data-created_by=\"avia_inline_auto\" id=\"style-css-av-av_heading-3e34a083a389bab9bee1d5c282d69210\">\n#top .av-special-heading.av-av_heading-3e34a083a389bab9bee1d5c282d69210{\npadding-bottom:10px;\nfont-size:40px;\n}\nbody .av-special-heading.av-av_heading-3e34a083a389bab9bee1d5c282d69210 .av-special-heading-tag .heading-char{\nfont-size:25px;\n}\n#top #wrap_all .av-special-heading.av-av_heading-3e34a083a389bab9bee1d5c282d69210 .av-special-heading-tag{\nfont-size:40px;\n}\n.av-special-heading.av-av_heading-3e34a083a389bab9bee1d5c282d69210 .av-subheading{\nfont-size:15px;\n}\n\n@media only screen and (min-width: 480px) and (max-width: 767px){ \n#top #wrap_all .av-special-heading.av-av_heading-3e34a083a389bab9bee1d5c282d69210 .av-special-heading-tag{\nfont-size:0.8em;\n}\n}\n\n@media only screen and (max-width: 479px){ \n#top #wrap_all .av-special-heading.av-av_heading-3e34a083a389bab9bee1d5c282d69210 .av-special-heading-tag{\nfont-size:0.8em;\n}\n}\n<\/style>\n<div  class='av-special-heading av-av_heading-3e34a083a389bab9bee1d5c282d69210 av-special-heading-h1 blockquote modern-quote  avia-builder-el-8  el_before_av_textblock  avia-builder-el-first  av-inherit-size'><h1 class='av-special-heading-tag '  itemprop=\"headline\"  ><b>Suwanna\u2019s Geschichte<\/b><\/h1><div class=\"special-heading-border\"><div class=\"special-heading-inner-border\"><\/div><\/div><\/div><br \/>\n\n<style type=\"text\/css\" data-created_by=\"avia_inline_auto\" id=\"style-css-av-6hv2m5-ed37d8486af52ae344eb66199aa8cc0d\">\n#top .av_textblock_section.av-6hv2m5-ed37d8486af52ae344eb66199aa8cc0d .avia_textblock{\nfont-size:16px;\n}\n<\/style>\n<section  class='av_textblock_section av-6hv2m5-ed37d8486af52ae344eb66199aa8cc0d '   itemscope=\"itemscope\" itemtype=\"https:\/\/schema.org\/CreativeWork\" ><div class='avia_textblock'  itemprop=\"text\" ><p>Hallo, ich hei\u00dfe Suwanna Mihefner. Ich m\u00f6chte hier meine Lebenserfahrung teilen, als ich in der Care Corner Orphanage Foundation (CCOF) lebte. Ich komme aus einer kaputten Familie und nach der Trennung, bringt meine Mutter mich und meinen j\u00fcngeren Bruder auf Empfehlung eines Missionars, in die CCOF. Zu dieser Zeit war unser Leben sehr hart, weil wir mit leeren H\u00e4nden das Haus verlassen mu\u00dften und nur ein paar Sachen hatten. In dieser Zeit folgten wir st\u00e4ndig unserer Mutter von hier nach da. Ein Missionar schlie\u00dflich r\u00e4t uns,\u00a0 in die CCOF-Familie zu kommen.<\/p>\n<p>Das war das erste Mal, dass ich von Gott h\u00f6rte. Mein neues Leben began. Dieser Ort ver\u00e4nderte mein Leben. Ich erinnere mich an die Zeit, in der ich es kaum mehr ausgehalten habe, aber hier gaben sie mich nicht auf und\u00a0 k\u00fcmmerten sich um mich. Ich bekam gute Bildung und f\u00fchlte mich an diesem Ort geborgen. Mein j\u00fcngerer Bruder und ich wuchsen dort gemeinsam auf, an diesem Ort, der die Liebe Gottes hat. Ich sch\u00e4tze Gottes G\u00fcte und Mitgef\u00fchl sehr und danke der Ricky Familie, die mir die Gelegenheit gegeben hat, dort zu leben und Gott kennenzulernen.<\/p>\n<p>Heutzutage bin ich verheiratet und habe eine Familie in Deutschland. Ich habe zwei Kinder und ich glaube, dass Gott mir einen guten Seelenverwandten gegeben hat. Mein Ehemann ist ein guter Mann und er liebt mich und unsere Kinder. Ich h\u00e4tte nie zu tr\u00e4umen gewagt, so ein gutes Leben wie jetzt zu haben. Ich sch\u00e4tze Gott im Alltag, weil ich glaube, dass alles in meinem Leben Gottes Plan ist. Gott gibt das Beste f\u00fcr jeden, der selbst Liebe gibt. Was auch immer passiert.<\/p>\n<\/div><\/section><\/p><\/div><\/div><\/div><\/div><!-- close content main div --><\/div><\/div><div id='welcome'  class='av-layout-grid-container av-7vao79-7a188a59cfa2612a1bee9b3732475039 entry-content-wrapper main_color av-fixed-cells  avia-builder-el-10  el_after_av_two_third  avia-builder-el-last  grid-row-not-first  container_wrap sidebar_right'  >\n\n<style type=\"text\/css\" data-created_by=\"avia_inline_auto\" id=\"style-css-av-7qqg5x-527bc5e44229f41c0dad4dd4fb1724de\">\n.flex_cell.av-7qqg5x-527bc5e44229f41c0dad4dd4fb1724de{\nvertical-align:top;\nheight:15px;\nmin-height:15px;\nbackground-color:#bf292b;\n}\n.responsive #top #wrap_all .flex_cell.av-7qqg5x-527bc5e44229f41c0dad4dd4fb1724de{\npadding:0px 0px 0px 0px !important;\n}\n<\/style>\n<div class='flex_cell av-7qqg5x-527bc5e44229f41c0dad4dd4fb1724de av-gridrow-cell av_one_fourth no_margin  avia-builder-el-11  el_before_av_cell_one_fourth  avia-builder-el-first  content-align-top av-zero-padding'  ><div class='flex_cell_inner'><\/div><\/div>\n<style type=\"text\/css\" data-created_by=\"avia_inline_auto\" id=\"style-css-av-7le8et-806fd6de9af77d9cbfde13316ef8516d\">\n.flex_cell.av-7le8et-806fd6de9af77d9cbfde13316ef8516d{\nvertical-align:top;\nheight:15px;\nmin-height:15px;\nbackground-color:#f5d012;\n}\n.responsive #top #wrap_all .flex_cell.av-7le8et-806fd6de9af77d9cbfde13316ef8516d{\npadding:0px 0px 0px 0px !important;\n}\n<\/style>\n<div class='flex_cell av-7le8et-806fd6de9af77d9cbfde13316ef8516d av-gridrow-cell av_one_fourth no_margin  avia-builder-el-12  el_after_av_cell_one_fourth  el_before_av_cell_one_fourth  content-align-top av-zero-padding'  ><div class='flex_cell_inner'><\/div><\/div>\n<style type=\"text\/css\" data-created_by=\"avia_inline_auto\" id=\"style-css-av-7b29z9-aba9350cae89cd4882e010f7e35c1f45\">\n.flex_cell.av-7b29z9-aba9350cae89cd4882e010f7e35c1f45{\nvertical-align:top;\nheight:15px;\nmin-height:15px;\nbackground-color:#779d3f;\n}\n.responsive #top #wrap_all .flex_cell.av-7b29z9-aba9350cae89cd4882e010f7e35c1f45{\npadding:0px 0px 0px 0px !important;\n}\n<\/style>\n<div class='flex_cell av-7b29z9-aba9350cae89cd4882e010f7e35c1f45 av-gridrow-cell av_one_fourth no_margin  avia-builder-el-13  el_after_av_cell_one_fourth  el_before_av_cell_one_fourth  content-align-top av-zero-padding'  ><div class='flex_cell_inner'><\/div><\/div>\n<style type=\"text\/css\" data-created_by=\"avia_inline_auto\" id=\"style-css-av-7683x1-d743b110021f7e2e9c486dd9f4a1a991\">\n.flex_cell.av-7683x1-d743b110021f7e2e9c486dd9f4a1a991{\nvertical-align:top;\nheight:15px;\nmin-height:15px;\nbackground-color:#73aede;\n}\n.responsive #top #wrap_all .flex_cell.av-7683x1-d743b110021f7e2e9c486dd9f4a1a991{\npadding:0px 0px 0px 0px !important;\n}\n<\/style>\n<div class='flex_cell av-7683x1-d743b110021f7e2e9c486dd9f4a1a991 av-gridrow-cell av_one_fourth no_margin  avia-builder-el-14  el_after_av_cell_one_fourth  avia-builder-el-last  content-align-top av-zero-padding'  ><div class='flex_cell_inner'><\/div><\/div>\n<\/div><\/p>\n","protected":false},"excerpt":{"rendered":"","protected":false},"author":1,"featured_media":0,"parent":3223,"menu_order":0,"comment_status":"closed","ping_status":"closed","template":"","meta":{"footnotes":""},"class_list":["post-6205","page","type-page","status-publish","hentry"],"yoast_head":"<!-- This site is optimized with the Yoast SEO plugin v27.4 - https:\/\/yoast.com\/product\/yoast-seo-wordpress\/ -->\n<title>Suwanna&#039;s Geschichte - Care Corner Orphanage Foundation<\/title>\n<meta name=\"robots\" content=\"index, follow, max-snippet:-1, max-image-preview:large, max-video-preview:-1\" \/>\n<link rel=\"canonical\" href=\"https:\/\/www.carecornerorphanage.com\/de\/schicksale\/suwanna\/\" \/>\n<meta property=\"og:locale\" content=\"de_DE\" \/>\n<meta property=\"og:type\" content=\"article\" \/>\n<meta property=\"og:title\" content=\"Suwanna&#039;s Geschichte - Care Corner Orphanage Foundation\" \/>\n<meta property=\"og:url\" content=\"https:\/\/www.carecornerorphanage.com\/de\/schicksale\/suwanna\/\" \/>\n<meta property=\"og:site_name\" content=\"Care Corner Orphanage Foundation\" \/>\n<meta property=\"article:modified_time\" content=\"2019-09-10T04:08:54+00:00\" \/>\n<meta name=\"twitter:card\" content=\"summary_large_image\" \/>\n<meta name=\"twitter:label1\" content=\"Gesch\u00e4tzte Lesezeit\" \/>\n\t<meta name=\"twitter:data1\" content=\"7\u00a0Minuten\" \/>\n<script type=\"application\/ld+json\" class=\"yoast-schema-graph\">{\"@context\":\"https:\\\/\\\/schema.org\",\"@graph\":[{\"@type\":\"WebPage\",\"@id\":\"https:\\\/\\\/www.carecornerorphanage.com\\\/de\\\/schicksale\\\/suwanna\\\/\",\"url\":\"https:\\\/\\\/www.carecornerorphanage.com\\\/de\\\/schicksale\\\/suwanna\\\/\",\"name\":\"Suwanna's Geschichte - Care Corner Orphanage Foundation\",\"isPartOf\":{\"@id\":\"https:\\\/\\\/www.carecornerorphanage.com\\\/de\\\/#website\"},\"datePublished\":\"2019-09-04T09:22:22+00:00\",\"dateModified\":\"2019-09-10T04:08:54+00:00\",\"breadcrumb\":{\"@id\":\"https:\\\/\\\/www.carecornerorphanage.com\\\/de\\\/schicksale\\\/suwanna\\\/#breadcrumb\"},\"inLanguage\":\"de\",\"potentialAction\":[{\"@type\":\"ReadAction\",\"target\":[\"https:\\\/\\\/www.carecornerorphanage.com\\\/de\\\/schicksale\\\/suwanna\\\/\"]}]},{\"@type\":\"BreadcrumbList\",\"@id\":\"https:\\\/\\\/www.carecornerorphanage.com\\\/de\\\/schicksale\\\/suwanna\\\/#breadcrumb\",\"itemListElement\":[{\"@type\":\"ListItem\",\"position\":1,\"name\":\"Home\",\"item\":\"https:\\\/\\\/www.carecornerorphanage.com\\\/de\\\/\"},{\"@type\":\"ListItem\",\"position\":2,\"name\":\"Schicksale\",\"item\":\"https:\\\/\\\/www.carecornerorphanage.com\\\/de\\\/schicksale\\\/\"},{\"@type\":\"ListItem\",\"position\":3,\"name\":\"Suwanna&#8217;s Geschichte\"}]},{\"@type\":\"WebSite\",\"@id\":\"https:\\\/\\\/www.carecornerorphanage.com\\\/de\\\/#website\",\"url\":\"https:\\\/\\\/www.carecornerorphanage.com\\\/de\\\/\",\"name\":\"Care Corner Orphanage Foundation\",\"description\":\"Just another WordPress site\",\"potentialAction\":[{\"@type\":\"SearchAction\",\"target\":{\"@type\":\"EntryPoint\",\"urlTemplate\":\"https:\\\/\\\/www.carecornerorphanage.com\\\/de\\\/?s={search_term_string}\"},\"query-input\":{\"@type\":\"PropertyValueSpecification\",\"valueRequired\":true,\"valueName\":\"search_term_string\"}}],\"inLanguage\":\"de\"}]}<\/script>\n<!-- \/ Yoast SEO plugin. -->","yoast_head_json":{"title":"Suwanna's Geschichte - Care Corner Orphanage Foundation","robots":{"index":"index","follow":"follow","max-snippet":"max-snippet:-1","max-image-preview":"max-image-preview:large","max-video-preview":"max-video-preview:-1"},"canonical":"https:\/\/www.carecornerorphanage.com\/de\/schicksale\/suwanna\/","og_locale":"de_DE","og_type":"article","og_title":"Suwanna's Geschichte - Care Corner Orphanage Foundation","og_url":"https:\/\/www.carecornerorphanage.com\/de\/schicksale\/suwanna\/","og_site_name":"Care Corner Orphanage Foundation","article_modified_time":"2019-09-10T04:08:54+00:00","twitter_card":"summary_large_image","twitter_misc":{"Gesch\u00e4tzte Lesezeit":"7\u00a0Minuten"},"schema":{"@context":"https:\/\/schema.org","@graph":[{"@type":"WebPage","@id":"https:\/\/www.carecornerorphanage.com\/de\/schicksale\/suwanna\/","url":"https:\/\/www.carecornerorphanage.com\/de\/schicksale\/suwanna\/","name":"Suwanna's Geschichte - Care Corner Orphanage Foundation","isPartOf":{"@id":"https:\/\/www.carecornerorphanage.com\/de\/#website"},"datePublished":"2019-09-04T09:22:22+00:00","dateModified":"2019-09-10T04:08:54+00:00","breadcrumb":{"@id":"https:\/\/www.carecornerorphanage.com\/de\/schicksale\/suwanna\/#breadcrumb"},"inLanguage":"de","potentialAction":[{"@type":"ReadAction","target":["https:\/\/www.carecornerorphanage.com\/de\/schicksale\/suwanna\/"]}]},{"@type":"BreadcrumbList","@id":"https:\/\/www.carecornerorphanage.com\/de\/schicksale\/suwanna\/#breadcrumb","itemListElement":[{"@type":"ListItem","position":1,"name":"Home","item":"https:\/\/www.carecornerorphanage.com\/de\/"},{"@type":"ListItem","position":2,"name":"Schicksale","item":"https:\/\/www.carecornerorphanage.com\/de\/schicksale\/"},{"@type":"ListItem","position":3,"name":"Suwanna&#8217;s Geschichte"}]},{"@type":"WebSite","@id":"https:\/\/www.carecornerorphanage.com\/de\/#website","url":"https:\/\/www.carecornerorphanage.com\/de\/","name":"Care Corner Orphanage Foundation","description":"Just another WordPress site","potentialAction":[{"@type":"SearchAction","target":{"@type":"EntryPoint","urlTemplate":"https:\/\/www.carecornerorphanage.com\/de\/?s={search_term_string}"},"query-input":{"@type":"PropertyValueSpecification","valueRequired":true,"valueName":"search_term_string"}}],"inLanguage":"de"}]}},"_links":{"self":[{"href":"https:\/\/www.carecornerorphanage.com\/de\/wp-json\/wp\/v2\/pages\/6205","targetHints":{"allow":["GET"]}}],"collection":[{"href":"https:\/\/www.carecornerorphanage.com\/de\/wp-json\/wp\/v2\/pages"}],"about":[{"href":"https:\/\/www.carecornerorphanage.com\/de\/wp-json\/wp\/v2\/types\/page"}],"author":[{"embeddable":true,"href":"https:\/\/www.carecornerorphanage.com\/de\/wp-json\/wp\/v2\/users\/1"}],"replies":[{"embeddable":true,"href":"https:\/\/www.carecornerorphanage.com\/de\/wp-json\/wp\/v2\/comments?post=6205"}],"version-history":[{"count":9,"href":"https:\/\/www.carecornerorphanage.com\/de\/wp-json\/wp\/v2\/pages\/6205\/revisions"}],"predecessor-version":[{"id":6209,"href":"https:\/\/www.carecornerorphanage.com\/de\/wp-json\/wp\/v2\/pages\/6205\/revisions\/6209"}],"up":[{"embeddable":true,"href":"https:\/\/www.carecornerorphanage.com\/de\/wp-json\/wp\/v2\/pages\/3223"}],"wp:attachment":[{"href":"https:\/\/www.carecornerorphanage.com\/de\/wp-json\/wp\/v2\/media?parent=6205"}],"curies":[{"name":"wp","href":"https:\/\/api.w.org\/{rel}","templated":true}]}}